{"id":28,"date":"2021-04-29T09:42:56","date_gmt":"2021-04-29T09:42:56","guid":{"rendered":"https:\/\/joseparedescompositions.com\/index.php\/home\/"},"modified":"2024-09-30T14:39:37","modified_gmt":"2024-09-30T17:39:37","slug":"home","status":"publish","type":"page","link":"https:\/\/joseparedescompositions.com\/","title":{"rendered":"Home"},"content":{"rendered":"\t\t<div data-elementor-type=\"wp-page\" data-elementor-id=\"28\" class=\"elementor elementor-28\">\n\t\t\t\t\t\t<section class=\"elementor-section elementor-top-section elementor-element elementor-element-25e575d elementor-section-height-full elementor-section-items-bottom elementor-section-boxed elementor-section-height-default\" data-id=\"25e575d\" data-element_type=\"section\" data-settings=\"{&quot;background_background&quot;:&quot;classic&quot;}\">\n\t\t\t\t\t\t\t<div class=\"elementor-background-overlay\"><\/div>\n\t\t\t\t\t\t\t<div class=\"elementor-container elementor-column-gap-no\">\n\t\t\t\t\t<div class=\"elementor-column elementor-col-100 elementor-top-column elementor-element elementor-element-a83b666\" data-id=\"a83b666\" data-element_type=\"column\">\n\t\t\t<div class=\"elementor-widget-wrap elementor-element-populated\">\n\t\t\t\t\t\t<div class=\"elementor-element elementor-element-1739413 elementor-widget elementor-widget-heading\" data-id=\"1739413\" data-element_type=\"widget\" data-widget_type=\"heading.default\">\n\t\t\t\t<div class=\"elementor-widget-container\">\n\t\t\t<h1 class=\"elementor-heading-title elementor-size-default\">Jos\u00e9 Paredes<\/h1>\t\t<\/div>\n\t\t\t\t<\/div>\n\t\t\t\t\t<\/div>\n\t\t<\/div>\n\t\t\t\t\t<\/div>\n\t\t<\/section>\n\t\t\t\t<section class=\"elementor-section elementor-top-section elementor-element elementor-element-dhwhqdh elementor-section-boxed elementor-section-height-default elementor-section-height-default\" data-id=\"dhwhqdh\" data-element_type=\"section\" id=\"bio\" data-settings=\"{&quot;background_background&quot;:&quot;classic&quot;}\">\n\t\t\t\t\t\t<div class=\"elementor-container elementor-column-gap-no\">\n\t\t\t\t\t<div class=\"elementor-column elementor-col-100 elementor-top-column elementor-element elementor-element-d40c8b2\" data-id=\"d40c8b2\" data-element_type=\"column\">\n\t\t\t<div class=\"elementor-widget-wrap elementor-element-populated\">\n\t\t\t\t\t\t<section class=\"elementor-section elementor-inner-section elementor-element elementor-element-ca245ea elementor-section-boxed elementor-section-height-default elementor-section-height-default\" data-id=\"ca245ea\" data-element_type=\"section\">\n\t\t\t\t\t\t<div class=\"elementor-container elementor-column-gap-default\">\n\t\t\t\t\t<div class=\"elementor-column elementor-col-50 elementor-inner-column elementor-element elementor-element-a7435a2\" data-id=\"a7435a2\" data-element_type=\"column\">\n\t\t\t<div class=\"elementor-widget-wrap elementor-element-populated\">\n\t\t\t\t\t\t<div class=\"elementor-element elementor-element-90d9129 elementor-widget elementor-widget-heading\" data-id=\"90d9129\" data-element_type=\"widget\" data-widget_type=\"heading.default\">\n\t\t\t\t<div class=\"elementor-widget-container\">\n\t\t\t<h5 class=\"elementor-heading-title elementor-size-default\">Trayectoria<\/h5>\t\t<\/div>\n\t\t\t\t<\/div>\n\t\t\t\t<div class=\"elementor-element elementor-element-71219c8 elementor-widget elementor-widget-heading\" data-id=\"71219c8\" data-element_type=\"widget\" data-widget_type=\"heading.default\">\n\t\t\t\t<div class=\"elementor-widget-container\">\n\t\t\t<h2 class=\"elementor-heading-title elementor-size-default\">Jos\u00e9 Paredes en la M\u00fasica y la Espiritualidad\n<\/h2>\t\t<\/div>\n\t\t\t\t<\/div>\n\t\t\t\t<div class=\"elementor-element elementor-element-8c6b0a8 elementor-position-top elementor-widget elementor-widget-image-box\" data-id=\"8c6b0a8\" data-element_type=\"widget\" data-widget_type=\"image-box.default\">\n\t\t\t\t<div class=\"elementor-widget-container\">\n\t\t\t<div class=\"elementor-image-box-wrapper\"><figure class=\"elementor-image-box-img\"><img fetchpriority=\"high\" decoding=\"async\" width=\"368\" height=\"552\" src=\"https:\/\/joseparedescompositions.com\/wp-content\/uploads\/2023\/08\/J_P2.jpg\" class=\"attachment-full size-full wp-image-1759\" alt=\"\" srcset=\"https:\/\/joseparedescompositions.com\/wp-content\/uploads\/2023\/08\/J_P2.jpg 368w, https:\/\/joseparedescompositions.com\/wp-content\/uploads\/2023\/08\/J_P2-200x300.jpg 200w\" sizes=\"(max-width: 368px) 100vw, 368px\" \/><\/figure><\/div>\t\t<\/div>\n\t\t\t\t<\/div>\n\t\t\t\t\t<\/div>\n\t\t<\/div>\n\t\t\t\t<div class=\"elementor-column elementor-col-50 elementor-inner-column elementor-element elementor-element-7844d14\" data-id=\"7844d14\" data-element_type=\"column\">\n\t\t\t<div class=\"elementor-widget-wrap elementor-element-populated\">\n\t\t\t\t\t\t<div class=\"elementor-element elementor-element-9d38b1f elementor-widget elementor-widget-text-editor\" data-id=\"9d38b1f\" data-element_type=\"widget\" data-widget_type=\"text-editor.default\">\n\t\t\t\t<div class=\"elementor-widget-container\">\n\t\t\t\t\t\t\t<p><span style=\"font-weight: 400;\">Nac\u00ed en 1958 en la ciudad de La Rioja, Argentina. He sentido una profunda fascinaci\u00f3n por la m\u00fasica cl\u00e1sica desde mi infancia. Mis padres me llevaron a conciertos de la orquesta de c\u00e1mara, un mundo m\u00e1gico que me envolvi\u00f3 y despert\u00f3 mi pasi\u00f3n por la m\u00fasica.<\/span><\/p><p><span style=\"font-weight: 400;\">Mi formaci\u00f3n guitarr\u00edstica se debe en gran parte al profesor Omar Atreo Buschiazzo <a href=\"https:\/\/omaratreo.com\/\">https:\/\/omaratreo.com\/<\/a>, quien me acompa\u00f1\u00f3 a lo largo de toda mi carrera universitaria en San Juan. Adem\u00e1s, tuve la oportunidad de aprender de otros profesores destacados, como Francisco Frega, Abel Carlevaro, Miguel \u00c1ngel Girollet, Javier Hinojosa y Eli Tagore, a trav\u00e9s de cursos y clases particulares.<\/span><\/p><p><span style=\"font-weight: 400;\">A lo largo de mi trayectoria, he tenido el honor de recibir diversos premios en concursos de guitarra tanto a nivel nacional como internacional, lo que reafirm\u00f3 mi dedicaci\u00f3n.<\/span><\/p><p><span style=\"font-weight: 400;\">Desde mi temprana adolescencia, surgi\u00f3 en mi la necesidad de expresarme a trav\u00e9s de la composici\u00f3n musical, una inquietud que ha perdurado hasta el d\u00eda de hoy. He compuesto obras para guitarra sola, d\u00faos, tr\u00edos y cuartetos, explorando tambi\u00e9n otras combinaciones instrumentales, como viol\u00edn, flauta, corno, piano y orquesta de cuerdas. Un momento destacado en mi carrera fue el reconocimiento de mi obra \u201cCosmogon\u00eda\u201d, para guitarra sola, premiada por la revista The Gendai Guitar, de Tokio, Jap\u00f3n, en 1987.<\/span><\/p><p><span style=\"font-weight: 400;\">En 1989, decid\u00ed ingresar a una comunidad espiritual en busca de darle un sentido trascendente a mi vida. Desde entonces, creo en la integraci\u00f3n de la meditaci\u00f3n, la oraci\u00f3n, el trabajo, la interrelaci\u00f3n humana y la m\u00fasica, consider\u00e1ndolos elementos importantes para el crecimiento espiritual.<\/span><\/p>\t\t\t\t\t\t<\/div>\n\t\t\t\t<\/div>\n\t\t\t\t\t<\/div>\n\t\t<\/div>\n\t\t\t\t\t<\/div>\n\t\t<\/section>\n\t\t\t\t\t<\/div>\n\t\t<\/div>\n\t\t\t\t\t<\/div>\n\t\t<\/section>\n\t\t\t\t<\/div>\n\t\t","protected":false},"excerpt":{"rendered":"<p>Jos\u00e9 Paredes Trayectoria Jos\u00e9 Paredes en la M\u00fasica y la Espiritualidad Nac\u00ed en 1958 en la ciudad de La Rioja, Argentina. He sentido una profunda fascinaci\u00f3n por la m\u00fasica cl\u00e1sica desde mi infancia. Mis padres me llevaron a conciertos de la orquesta de c\u00e1mara, un mundo m\u00e1gico que me envolvi\u00f3 y despert\u00f3 mi pasi\u00f3n por [&hellip;]<\/p>\n","protected":false},"author":1,"featured_media":0,"parent":0,"menu_order":0,"comment_status":"closed","ping_status":"closed","template":"","meta":{"om_disable_all_campaigns":false,"_uag_custom_page_level_css":"","_monsterinsights_skip_tracking":false,"_monsterinsights_sitenote_active":false,"_monsterinsights_sitenote_note":"","_monsterinsights_sitenote_category":0,"_uf_show_specific_survey":0,"_uf_disable_surveys":false,"site-sidebar-layout":"no-sidebar","site-content-layout":"page-builder","ast-site-content-layout":"full-width-container","site-content-style":"unboxed","site-sidebar-style":"unboxed","ast-global-header-display":"","ast-banner-title-visibility":"","ast-main-header-display":"","ast-hfb-above-header-display":"","ast-hfb-below-header-display":"","ast-hfb-mobile-header-display":"","site-post-title":"disabled","ast-breadcrumbs-content":"disabled","ast-featured-img":"disabled","footer-sml-layout":"","theme-transparent-header-meta":"enabled","adv-header-id-meta":"","stick-header-meta":"","header-above-stick-meta":"","header-main-stick-meta":"","header-below-stick-meta":"","astra-migrate-meta-layouts":"set","ast-page-background-enabled":"default","ast-page-background-meta":{"desktop":{"background-color":"","background-image":"","background-repeat":"repeat","background-position":"center center","background-size":"auto","background-attachment":"scroll","background-type":"","background-media":"","overlay-type":"","overlay-color":"","overlay-opacity":"","overlay-gradient":""},"tablet":{"background-color":"","background-image":"","background-repeat":"repeat","background-position":"center center","background-size":"auto","background-attachment":"scroll","background-type":"","background-media":"","overlay-type":"","overlay-color":"","overlay-opacity":"","overlay-gradient":""},"mobile":{"background-color":"","background-image":"","background-repeat":"repeat","background-position":"center center","background-size":"auto","background-attachment":"scroll","background-type":"","background-media":"","overlay-type":"","overlay-color":"","overlay-opacity":"","overlay-gradient":""}},"ast-content-background-meta":{"desktop":{"background-color":"var(--ast-global-color-5)","background-image":"","background-repeat":"repeat","background-position":"center center","background-size":"auto","background-attachment":"scroll","background-type":"","background-media":"","overlay-type":"","overlay-color":"","overlay-opacity":"","overlay-gradient":""},"tablet":{"background-color":"var(--ast-global-color-5)","background-image":"","background-repeat":"repeat","background-position":"center center","background-size":"auto","background-attachment":"scroll","background-type":"","background-media":"","overlay-type":"","overlay-color":"","overlay-opacity":"","overlay-gradient":""},"mobile":{"background-color":"var(--ast-global-color-5)","background-image":"","background-repeat":"repeat","background-position":"center center","background-size":"auto","background-attachment":"scroll","background-type":"","background-media":"","overlay-type":"","overlay-color":"","overlay-opacity":"","overlay-gradient":""}},"footnotes":""},"class_list":["post-28","page","type-page","status-publish","hentry"],"aioseo_notices":[],"uagb_featured_image_src":{"full":false,"thumbnail":false,"medium":false,"medium_large":false,"large":false,"1536x1536":false,"2048x2048":false},"uagb_author_info":{"display_name":"joseparedescompositions.com","author_link":"https:\/\/joseparedescompositions.com\/index.php\/author\/joseparedescompositions-com\/"},"uagb_comment_info":0,"uagb_excerpt":"Jos\u00e9 Paredes Trayectoria Jos\u00e9 Paredes en la M\u00fasica y la Espiritualidad Nac\u00ed en 1958 en la ciudad de La Rioja, Argentina. He sentido una profunda fascinaci\u00f3n por la m\u00fasica cl\u00e1sica desde mi infancia. Mis padres me llevaron a conciertos de la orquesta de c\u00e1mara, un mundo m\u00e1gico que me envolvi\u00f3 y despert\u00f3 mi pasi\u00f3n por&hellip;","_links":{"self":[{"href":"https:\/\/joseparedescompositions.com\/index.php\/wp-json\/wp\/v2\/pages\/28","targetHints":{"allow":["GET"]}}],"collection":[{"href":"https:\/\/joseparedescompositions.com\/index.php\/wp-json\/wp\/v2\/pages"}],"about":[{"href":"https:\/\/joseparedescompositions.com\/index.php\/wp-json\/wp\/v2\/types\/page"}],"author":[{"embeddable":true,"href":"https:\/\/joseparedescompositions.com\/index.php\/wp-json\/wp\/v2\/users\/1"}],"replies":[{"embeddable":true,"href":"https:\/\/joseparedescompositions.com\/index.php\/wp-json\/wp\/v2\/comments?post=28"}],"version-history":[{"count":261,"href":"https:\/\/joseparedescompositions.com\/index.php\/wp-json\/wp\/v2\/pages\/28\/revisions"}],"predecessor-version":[{"id":2145,"href":"https:\/\/joseparedescompositions.com\/index.php\/wp-json\/wp\/v2\/pages\/28\/revisions\/2145"}],"wp:attachment":[{"href":"https:\/\/joseparedescompositions.com\/index.php\/wp-json\/wp\/v2\/media?parent=28"}],"curies":[{"name":"wp","href":"https:\/\/api.w.org\/{rel}","templated":true}]}}